{"id":849,"date":"2021-02-17T12:45:38","date_gmt":"2021-02-17T11:45:38","guid":{"rendered":"http:\/\/amandit.cluster029.hosting.ovh.net\/?page_id=849"},"modified":"2022-08-19T14:29:54","modified_gmt":"2022-08-19T12:29:54","slug":"test-val","status":"publish","type":"page","link":"https:\/\/amandinelelaurent.com\/index.php\/test-val\/","title":{"rendered":"FORMATION PROF DE CHANT"},"content":{"rendered":"<p><div class=\"fusion-fullwidth fullwidth-box fusion-builder-row-1 fusion-flex-container fusion-parallax-none nonhundred-percent-fullwidth non-hundred-percent-height-scrolling\" style=\"--link_hover_color: #f9f9f9;--link_color: rgba(231,204,182,0.77);--awb-background-position:left center;--awb-border-radius-top-left:0px;--awb-border-radius-top-right:0px;--awb-border-radius-bottom-right:0px;--awb-border-radius-bottom-left:0px;--awb-padding-top:24%;--awb-padding-bottom:0px;--awb-padding-top-small:200px;--awb-background-image:linear-gradient(0deg, rgba(142,76,32,0.66) 0%,rgba(43,43,43,0.75) 79%),url(http:\/\/amandit.cluster029.hosting.ovh.net\/wp-content\/uploads\/2021\/02\/amandine-3-1.jpg);;--awb-background-size:cover;--awb-flex-wrap:wrap;\" ><div class=\"fusion-builder-row fusion-row fusion-flex-align-items-flex-start fusion-flex-content-wrap\" style=\"max-width:1185.6px;margin-left: calc(-4% \/ 2 );margin-right: calc(-4% \/ 2 );\"><div class=\"fusion-layout-column fusion_builder_column fusion-builder-column-0 fusion_builder_column_1_1 1_1 fusion-flex-column fusion-no-small-visibility\" style=\"--awb-padding-top-small:100px;--awb-bg-size:cover;--awb-width-large:100%;--awb-margin-top-large:0px;--awb-spacing-right-large:1.92%;--awb-margin-bottom-large:0PX;--awb-spacing-left-large:1.92%;--awb-width-medium:100%;--awb-spacing-right-medium:1.92%;--awb-spacing-left-medium:1.92%;--awb-width-small:100%;--awb-spacing-right-small:1.92%;--awb-spacing-left-small:1.92%;\"><div class=\"fusion-column-wrapper fusion-column-has-shadow fusion-flex-justify-content-flex-start fusion-content-layout-column\"><div class=\"fusion-title title fusion-title-1 fusion-sep-none fusion-title-text fusion-title-size-one\"><h1 class=\"fusion-title-heading title-heading-left fusion-responsive-typography-calculated\" style=\"margin:0;letter-spacing:-1px;--fontSize:100;line-height:1;\"><div style=\"text-align: center;\"><span style=\"color: var(--h1_typography-color); font-family: var(--h1_typography-font-family); font-size: var(--h1_typography-font-size); font-style: var(--h1_typography-font-style,normal); font-weight: var(--h1_typography-font-weight); letter-spacing: var(--h1_typography-letter-spacing); background-color: rgba(255, 255, 255, 0);\"><br \/><\/span><\/div>\n<p style=\"text-align: center;\"><span style=\"color: var(--h1_typography-color); font-family: var(--h1_typography-font-family); font-size: var(--h1_typography-font-size); font-style: var(--h1_typography-font-style,normal); font-weight: var(--h1_typography-font-weight); letter-spacing: var(--h1_typography-letter-spacing); background-color: rgba(255, 255, 255, 0);\">Formation<\/span><\/p>\n<div style=\"text-align: center;\"><span style=\"letter-spacing: normal;\">Prof de chant<\/span><\/div><\/h1><\/div><div class=\"fusion-text fusion-text-1\"><p style=\"text-align: right; font-size: 19px; font-family: 'Homemade Apple'; font-weight: 400;\" data-fusion-font=\"true\" data-fusion-google-font=\"Homemade Apple\" data-fusion-google-variant=\"400\"><a href=\"Mon role dans cette formation diplomante est d'accompagner les professeurs dans leur pratique vocale (Les diff\u00e9rents styles, mise en pratique des savoirs faire \u00e9tudi\u00e9s en formation, vibes et techniques d\u2019agilit\u00e9 vocale, effets vocaux).  C'est avec moi qu'ils pourrons trouver des cl\u00e9s pour accompagner leurs \u00e9l\u00e8ves sur l'harmonisation . Je transmets \u00e9galement un r\u00e9pertoire chants du monde, du rythme et de la corporythmie et interviens sur les questions de p\u00e9dagogie de groupe. Une formation riche et compl\u00e8te men\u00e9e par trois p\u00e9dagogues principaux:  Emmanuelle Trinquesse, Christophe Briz et moi meme!  Si vous souhaitez vous renseigner, c'est par ici: lien chant voix et corps\">O<span data-fusion-font=\"true\" data-fusion-google-font=\"Homemade Apple\" data-fusion-google-variant=\"400\" style=\"font-family: 'Homemade Apple'; font-weight: 400;\">rganisme de formation chant voix &amp;corps<\/span><\/a><\/p>\n<p style=\"text-align: right; font-size: 19px; font-family: 'Homemade Apple'; font-weight: 400;\" data-fusion-font=\"true\" data-fusion-google-font=\"Homemade Apple\" data-fusion-google-variant=\"400\"><a href=\"Mon role dans cette formation diplomante est d'accompagner les professeurs dans leur pratique vocale (Les diff\u00e9rents styles, mise en pratique des savoirs faire \u00e9tudi\u00e9s en formation, vibes et techniques d\u2019agilit\u00e9 vocale, effets vocaux).  C'est avec moi qu'ils pourrons trouver des cl\u00e9s pour accompagner leurs \u00e9l\u00e8ves sur l'harmonisation . Je transmets \u00e9galement un r\u00e9pertoire chants du monde, du rythme et de la corporythmie et interviens sur les questions de p\u00e9dagogie de groupe. Une formation riche et compl\u00e8te men\u00e9e par trois p\u00e9dagogues principaux:  Emmanuelle Trinquesse, Christophe Briz et moi meme!  Si vous souhaitez vous renseigner, c'est par ici: lien chant voix et corps\">34000<span data-fusion-font=\"true\" data-fusion-google-font=\"Homemade Apple\" data-fusion-google-variant=\"400\" style=\"font-family: 'Homemade Apple'; font-weight: 400;\"> Montpellier<\/span><\/a><\/p>\n<\/div><\/div><\/div><div class=\"fusion-layout-column fusion_builder_column fusion-builder-column-1 fusion_builder_column_1_1 1_1 fusion-flex-column\" style=\"--awb-padding-top-small:100px;--awb-bg-size:cover;--awb-width-large:100%;--awb-margin-top-large:-150px;--awb-spacing-right-large:1.92%;--awb-margin-bottom-large:0PX;--awb-spacing-left-large:1.92%;--awb-width-medium:100%;--awb-spacing-right-medium:1.92%;--awb-spacing-left-medium:1.92%;--awb-width-small:100%;--awb-spacing-right-small:1.92%;--awb-spacing-left-small:1.92%;\"><div class=\"fusion-column-wrapper fusion-column-has-shadow fusion-flex-justify-content-flex-start fusion-content-layout-column\"><\/div><\/div><div class=\"fusion-layout-column fusion_builder_column fusion-builder-column-2 fusion_builder_column_1_1 1_1 fusion-flex-column\" style=\"--awb-bg-size:cover;--awb-width-large:100%;--awb-margin-top-large:0px;--awb-spacing-right-large:1.92%;--awb-margin-bottom-large:20px;--awb-spacing-left-large:1.92%;--awb-width-medium:100%;--awb-order-medium:0;--awb-spacing-right-medium:1.92%;--awb-spacing-left-medium:1.92%;--awb-width-small:100%;--awb-order-small:0;--awb-spacing-right-small:1.92%;--awb-spacing-left-small:1.92%;\"><div class=\"fusion-column-wrapper fusion-column-has-shadow fusion-flex-justify-content-flex-start fusion-content-layout-column\"><div class=\"fusion-section-separator section-separator waves-opacity fusion-section-separator-1\" style=\"--awb-spacer-padding-top:21.09375%;--awb-svg-margin-left:1.92%;--awb-svg-margin-right:1.92%;--awb-svg-margin-left-medium:1.92%;--awb-svg-margin-right-medium:1.92%;--awb-svg-margin-left-small:1.92%;--awb-svg-margin-right-small:1.92%;--awb-sep-font-size:0;--awb-sep-line-height:0;\"><div class=\"fusion-section-separator-svg\"><svg class=\"fusion-waves-opacity-candy\" xmlns=\"http:\/\/www.w3.org\/2000\/svg\" version=\"1.1\" width=\"100%\" viewBox=\"0 0 1024 216\" preserveAspectRatio=\"none\" fill=\"rgba(231,204,182,1)\"><path class=\"st0\" d=\"M0 216.068h1024l.1-105.2c-14.6-3.2-30.2-5.8-47.1-7.6-178.6-19.6-279.5 56.8-464.3 41.3-206.5-17.2-248.4-128.8-455-143.8-19-1.3-38.3-.2-57.7.3v215z\"\/>\n\t\t\t\t\t\t\t\t\t\t<path class=\"st1\" d=\"M0 20.068v196.144h1024v-79.744c-22.7-6.4-47.9-11.4-76.2-14.6-178.6-19.8-272.2 53.9-457.1 38.4-206.6-17.2-197.3-124.7-403.9-139.8-27.2-2-56.6-2-86.8-.4z\"\/>\n\t\t\t\t\t\t\t\t\t\t<path class=\"st2\" d=\"M0 216.212h1024v-35.744c-45.1-15.4-95.2-27.7-150-33.7-178.6-19.8-220.6 46.8-405.4 31.3-206.6-17.2-197.8-114.7-404.4-129.7-20.4-1.5-42-2-64.2-1.7v169.544z\"\/>\n\t\t\t\t\t\t\t\t\t\t<path class=\"st3\" d=\"M0 216.312h1024v-3.044c-50.8-17.1-108.7-30.7-172.7-37.9-178.6-19.8-220 36.8-404.9 21.3-206.6-17.2-228-126.5-434.5-141.6-3.9-.3-7.9-.5-11.9-.7v161.944z\"\/>\n\t\t\t\t\t\t\t\t\t<\/svg><\/div><div class=\"fusion-section-separator-spacer\"><div class=\"fusion-section-separator-spacer-height\"><\/div><\/div><\/div><\/div><\/div><\/div><\/div><div class=\"fusion-fullwidth fullwidth-box fusion-builder-row-2 fusion-flex-container nonhundred-percent-fullwidth non-hundred-percent-height-scrolling\" style=\"--awb-border-radius-top-left:0px;--awb-border-radius-top-right:0px;--awb-border-radius-bottom-right:0px;--awb-border-radius-bottom-left:0px;--awb-padding-top:6%;--awb-padding-bottom:6%;--awb-background-color:#e7ccb6;--awb-flex-wrap:wrap;\" ><div class=\"fusion-builder-row fusion-row fusion-flex-align-items-flex-start fusion-flex-content-wrap\" style=\"max-width:1185.6px;margin-left: calc(-4% \/ 2 );margin-right: calc(-4% \/ 2 );\"><div class=\"fusion-layout-column fusion_builder_column fusion-builder-column-3 fusion_builder_column_1_1 1_1 fusion-flex-column\" style=\"--awb-bg-size:cover;--awb-width-large:100%;--awb-margin-top-large:0px;--awb-spacing-right-large:1.92%;--awb-margin-bottom-large:20px;--awb-spacing-left-large:1.92%;--awb-width-medium:100%;--awb-order-medium:0;--awb-spacing-right-medium:1.92%;--awb-spacing-left-medium:1.92%;--awb-width-small:100%;--awb-order-small:0;--awb-spacing-right-small:1.92%;--awb-spacing-left-small:1.92%;\"><div class=\"fusion-column-wrapper fusion-column-has-shadow fusion-flex-justify-content-flex-start fusion-content-layout-column\"><div class=\"fusion-text fusion-text-2\"><p data-fusion-font=\"true\" style=\"font-size: 20px;\">Fond\u00e9e par Emmanuelle Trinquesse, il va sans dire que l\u2019approche chant voix et corps ainsi que cette formation ont r\u00e9volutionn\u00e9es la p\u00e9dagogie vocale en France.<\/p>\n<p data-fusion-font=\"true\" style=\"font-size: 20px;\">Mon r\u00f4le dans cette formation dipl\u00f4mante est d\u2019accompagner les professeurs dans leur pratique vocale (Les diff\u00e9rents styles, mise en pratique des savoirs faire \u00e9tudi\u00e9s en formation, vibes et techniques d\u2019agilit\u00e9 vocale, effets vocaux)<\/p>\n<p data-fusion-font=\"true\" style=\"font-size: 20px;\">Je suis \u00e9galement appel\u00e9e \u00e0 proposer des cl\u00e9s sur l\u2019harmonisation vocale.<\/p>\n<p data-fusion-font=\"true\" style=\"font-size: 20px;\">Je transmets un r\u00e9pertoire chants du monde, du rythme et de la corporythmie et interviens sur les questions de p\u00e9dagogie de groupe.<\/p>\n<p data-fusion-font=\"true\" style=\"font-size: 20px;\">Une formation riche et compl\u00e8te men\u00e9e par trois p\u00e9dagogues principaux : Emmanuelle Trinquesse, Christophe Briz et moi meme!<\/p>\n<p data-fusion-font=\"true\" style=\"font-size: 20px;\">Si vous souhaitez vous renseigner, <a href=\"https:\/\/www.chantvoixetcorps.com\/formation-prof-de-chant-et-de-technique-vocale\/\">c\u2019est par ici !<\/a><\/p>\n<\/div><\/div><\/div><\/div><\/div><div class=\"fusion-fullwidth fullwidth-box fusion-builder-row-3 fusion-flex-container nonhundred-percent-fullwidth non-hundred-percent-height-scrolling\" style=\"--awb-background-position:center top;--awb-border-radius-top-left:0px;--awb-border-radius-top-right:0px;--awb-border-radius-bottom-right:0px;--awb-border-radius-bottom-left:0px;--awb-background-color:#630c0c;--awb-flex-wrap:wrap;\" ><div class=\"fusion-builder-row fusion-row fusion-flex-align-items-flex-start fusion-flex-content-wrap\" style=\"max-width:1185.6px;margin-left: calc(-4% \/ 2 );margin-right: calc(-4% \/ 2 );\"><div class=\"fusion-layout-column fusion_builder_column fusion-builder-column-4 fusion_builder_column_1_1 1_1 fusion-flex-column\" style=\"--awb-padding-bottom:80px;--awb-bg-size:cover;--awb-width-large:100%;--awb-margin-top-large:0px;--awb-spacing-right-large:1.92%;--awb-margin-bottom-large:20px;--awb-spacing-left-large:1.92%;--awb-width-medium:100%;--awb-spacing-right-medium:1.92%;--awb-spacing-left-medium:1.92%;--awb-width-small:100%;--awb-spacing-right-small:1.92%;--awb-spacing-left-small:1.92%;\"><div class=\"fusion-column-wrapper fusion-column-has-shadow fusion-flex-justify-content-flex-start fusion-content-layout-column\"><div class=\"fusion-section-separator section-separator waves-opacity fusion-section-separator-2\" style=\"--awb-spacer-padding-top:21.09375%;--awb-svg-margin-left:1.92%;--awb-svg-margin-right:1.92%;--awb-svg-margin-left-medium:1.92%;--awb-svg-margin-right-medium:1.92%;--awb-svg-margin-left-small:1.92%;--awb-svg-margin-right-small:1.92%;--awb-sep-font-size:0;--awb-sep-line-height:0;\"><div class=\"fusion-section-separator-svg\"><svg class=\"fusion-waves-opacity-candy\" xmlns=\"http:\/\/www.w3.org\/2000\/svg\" version=\"1.1\" width=\"100%\" viewBox=\"0 1 1024 216\" preserveAspectRatio=\"none\" fill=\"rgba(231,204,182,1)\"><path class=\"st0\" d=\"M0 215.4c19.4.5 38.7 1.6 57.7.3 206.6-15 248.5-126.6 455-143.8 184.8-15.5 285.7 60.9 464.3 41.3 16.9-1.8 32.5-4.4 47.1-7.6L1024 .4H0v215z\"\/>\n\t\t\t\t\t\t\t\t\t\t<path class=\"st1\" d=\"M0 196.4c30.2 1.6 59.6 1.6 86.8-.4C293.4 180.9 284.1 73.4 490.7 56.2c184.9-15.5 278.5 58.2 457.1 38.4 28.3-3.2 53.5-8.2 76.2-14.6V.256H0V196.4z\"\/>\n\t\t\t\t\t\t\t\t\t\t<path class=\"st2\" d=\"M0 169.8c22.2.3 43.8-.2 64.2-1.7C270.8 153.1 262 55.6 468.6 38.4 653.4 22.9 695.4 89.5 874 69.7c54.8-6 104.9-18.3 150-33.7V.256H0V169.8z\"\/>\n\t\t\t\t\t\t\t\t\t\t<path class=\"st3\" d=\"M0 162.1c4-.2 8-.4 11.9-.7C218.4 146.3 239.8 37 446.4 19.8 631.3 4.3 672.7 60.9 851.3 41.1c64-7.2 121.9-20.8 172.7-37.9V.156H0V162.1z\"\/>\n\t\t\t\t\t\t\t\t\t<\/svg><\/div><div class=\"fusion-section-separator-spacer\"><div class=\"fusion-section-separator-spacer-height\"><\/div><\/div><\/div><\/div><\/div><\/div><\/div><\/p>\n","protected":false},"excerpt":{"rendered":"","protected":false},"author":1,"featured_media":0,"parent":0,"menu_order":0,"comment_status":"closed","ping_status":"closed","template":"100-width.php","meta":{"_EventAllDay":false,"_EventTimezone":"","_EventStartDate":"","_EventEndDate":"","_EventStartDateUTC":"","_EventEndDateUTC":"","_EventShowMap":false,"_EventShowMapLink":false,"_EventURL":"","_EventCost":"","_EventCostDescription":"","_EventCurrencySymbol":"","_EventCurrencyCode":"","_EventCurrencyPosition":"","_EventDateTimeSeparator":"","_EventTimeRangeSeparator":"","_EventOrganizerID":[],"_EventVenueID":[],"_OrganizerEmail":"","_OrganizerPhone":"","_OrganizerWebsite":"","_VenueAddress":"","_VenueCity":"","_VenueCountry":"","_VenueProvince":"","_VenueState":"","_VenueZip":"","_VenuePhone":"","_VenueURL":"","_VenueStateProvince":"","_VenueLat":"","_VenueLng":"","_VenueShowMap":false,"_VenueShowMapLink":false,"footnotes":""},"class_list":["post-849","page","type-page","status-publish","hentry"],"_links":{"self":[{"href":"https:\/\/amandinelelaurent.com\/index.php\/wp-json\/wp\/v2\/pages\/849","targetHints":{"allow":["GET"]}}],"collection":[{"href":"https:\/\/amandinelelaurent.com\/index.php\/wp-json\/wp\/v2\/pages"}],"about":[{"href":"https:\/\/amandinelelaurent.com\/index.php\/wp-json\/wp\/v2\/types\/page"}],"author":[{"embeddable":true,"href":"https:\/\/amandinelelaurent.com\/index.php\/wp-json\/wp\/v2\/users\/1"}],"replies":[{"embeddable":true,"href":"https:\/\/amandinelelaurent.com\/index.php\/wp-json\/wp\/v2\/comments?post=849"}],"version-history":[{"count":28,"href":"https:\/\/amandinelelaurent.com\/index.php\/wp-json\/wp\/v2\/pages\/849\/revisions"}],"predecessor-version":[{"id":1698,"href":"https:\/\/amandinelelaurent.com\/index.php\/wp-json\/wp\/v2\/pages\/849\/revisions\/1698"}],"wp:attachment":[{"href":"https:\/\/amandinelelaurent.com\/index.php\/wp-json\/wp\/v2\/media?parent=849"}],"curies":[{"name":"wp","href":"https:\/\/api.w.org\/{rel}","templated":true}]}}